{"id":2,"date":"2025-05-16T11:12:52","date_gmt":"2025-05-16T14:12:52","guid":{"rendered":"http:\/\/wallaxconstrutora.com.br\/?page_id=2"},"modified":"2025-06-03T16:17:04","modified_gmt":"2025-06-03T19:17:04","slug":"sobre","status":"publish","type":"page","link":"https:\/\/wallaxconstrutora.com.br\/?page_id=2","title":{"rendered":"Sobre"},"content":{"rendered":"\t\t<div data-elementor-type=\"wp-page\" data-elementor-id=\"2\" class=\"elementor elementor-2\">\n\t\t\t\t<div class=\"elementor-element elementor-element-5a352c2 e-flex e-con-boxed e-con e-parent\" data-id=\"5a352c2\" data-element_type=\"container\">\n\t\t\t\t\t<div class=\"e-con-inner\">\n\t\t\t\t<div class=\"elementor-element elementor-element-1607b5b4 elementor-widget elementor-widget-text-editor\" data-id=\"1607b5b4\" data-element_type=\"widget\" data-widget_type=\"text-editor.default\">\n\t\t\t\t<div class=\"elementor-widget-container\">\n\t\t\t\t\t\t\t\t\t<div data-colibri-id=\"2-c1\" class=\"style-561 style-local-2-c1 position-relative\">\r\n  <!---->\r\n  <div data-colibri-component=\"section\" data-colibri-id=\"2-c6\" id=\"about\" class=\"h-section h-section-global-spacing d-flex align-items-lg-center align-items-md-center align-items-center style-567 style-local-2-c6 position-relative\">\r\n    <!---->\r\n    <!---->\r\n    <div class=\"h-section-grid-container h-section-boxed-container\">\r\n      <div data-colibri-id=\"2-c11\" class=\"h-row-container gutters-row-lg-2 gutters-row-md-2 gutters-row-2 gutters-row-v-lg-2 gutters-row-v-md-2 gutters-row-v-2 style-572 style-local-2-c11 position-relative\">\r\n        <!---->\r\n        <div class=\"h-row justify-content-lg-center justify-content-md-center justify-content-center align-items-lg-stretch align-items-md-stretch align-items-stretch gutters-col-lg-2 gutters-col-md-2 gutters-col-2 gutters-col-v-lg-2 gutters-col-v-md-2 gutters-col-v-2\">\r\n          <!---->\r\n          <div class=\"h-column h-column-container d-flex h-col-lg-auto h-col-md-auto h-col-auto style-573-outer style-local-2-c12-outer\">\r\n            <div data-colibri-id=\"2-c12\" class=\"d-flex h-flex-basis h-column__inner h-px-lg-2 h-px-md-2 h-px-2 v-inner-lg-2 v-inner-md-2 v-inner-2 style-573 style-local-2-c12 position-relative\">\r\n              <!---->\r\n              <!---->\r\n              <div class=\"w-100 h-y-container h-column__content h-column__v-align flex-basis-100 align-self-lg-start align-self-md-start align-self-start\">\r\n                <!---->\r\n                <div data-colibri-id=\"2-c13\" class=\"h-global-transition-all h-heading style-574 style-local-2-c13 position-relative h-element\">\r\n                  <!---->\r\n                  <div class=\"h-heading__outer style-574 style-local-2-c13\">\r\n                    <!---->\r\n                    <!---->\r\n                    <h3 class=\"\">Nossa empresa<\/h3>\r\n                  <\/div>\r\n                <\/div>\r\n                <div data-colibri-id=\"2-c15\" class=\"h-lead h-text h-text-component style-576 style-local-2-c15 position-relative h-element\">\r\n                  <!---->\r\n                  <!---->\r\n                  <div class=\"\">\r\n                    <p>A <strong>Wallax Construtora LTDA<\/strong> atua no setor da constru\u00e7\u00e3o civil, com foco principal em <strong>obras de alvenaria<\/strong>. Com uma estrutura vers\u00e1til e comprometida com a qualidade, a empresa oferece solu\u00e7\u00f5es completas\r\n                      para diferentes tipos de projetos, desde pequenas reformas at\u00e9 grandes empreendimentos.<\/p>\r\n                    <p>Al\u00e9m das obras de alvenaria, a Wallax tamb\u00e9m realiza <strong>outras obras de instala\u00e7\u00e3o e acabamento<\/strong>, incluindo projetos esportivos, recreativos e instala\u00e7\u00f5es n\u00e3o especificadas anteriormente. Seu portf\u00f3lio diversificado garante\r\n                      flexibilidade e expertise para atender clientes p\u00fablicos e privados.<\/p>\r\n                  <\/div>\r\n                <\/div>\r\n              <\/div>\r\n            <\/div>\r\n          <\/div>\r\n        <\/div>\r\n      <\/div>\r\n      <div data-colibri-id=\"2-c7\" class=\"h-row-container gutters-row-lg-0 gutters-row-md-0 gutters-row-0 gutters-row-v-lg-0 gutters-row-v-md-0 gutters-row-v-0 style-568 style-local-2-c7 h-overflow-hidden position-relative\">\r\n        <!---->\r\n        <div class=\"h-row justify-content-lg-center justify-content-md-center justify-content-center align-items-lg-end align-items-md-end align-items-end gutters-col-lg-0 gutters-col-md-0 gutters-col-0 gutters-col-v-lg-0 gutters-col-v-md-0 gutters-col-v-0\">\r\n          <!---->\r\n          <div class=\"h-column h-column-container d-flex h-col-lg-auto h-col-md-auto h-col-auto align-self-lg-end align-self-md-end align-self-end style-569-outer style-local-2-c8-outer\">\r\n            <div data-colibri-id=\"2-c8\" class=\"d-flex h-flex-basis h-column__inner h-ui-empty-state-container h-px-lg-0 h-px-md-0 h-px-0 v-inner-lg-0 v-inner-md-0 v-inner-0 style-569 style-local-2-c8 position-relative\">\r\n              <!---->\r\n              <!---->\r\n              <div class=\"w-100 h-y-container h-column__content h-column__v-align flex-basis-100\">\r\n                <!---->\r\n              <\/div>\r\n            <\/div>\r\n          <\/div>\r\n          <div class=\"h-column h-column-container d-flex h-col-lg-auto h-col-md-auto h-col-auto align-self-lg-end align-self-md-end align-self-end style-570-outer style-local-2-c9-outer\">\r\n            <div data-colibri-id=\"2-c9\" class=\"d-flex h-flex-basis h-column__inner h-ui-empty-state-container h-px-lg-0 h-px-md-0 h-px-0 v-inner-lg-0 v-inner-md-0 v-inner-0 style-570 style-local-2-c9 position-relative\">\r\n              <!---->\r\n              <!---->\r\n              <div class=\"w-100 h-y-container h-column__content h-column__v-align flex-basis-100\">\r\n                <!---->\r\n              <\/div>\r\n            <\/div>\r\n          <\/div>\r\n          <div class=\"h-column h-column-container d-flex h-col-lg-auto h-col-md-auto h-col-auto align-self-lg-end align-self-md-end align-self-end style-571-outer style-local-2-c10-outer\">\r\n            <div data-colibri-id=\"2-c10\" class=\"d-flex h-flex-basis h-column__inner h-ui-empty-state-container h-px-lg-0 h-px-md-0 h-px-0 v-inner-lg-0 v-inner-md-0 v-inner-0 style-571 style-local-2-c10 position-relative\">\r\n              <!---->\r\n              <!---->\r\n              <div class=\"w-100 h-y-container h-column__content h-column__v-align flex-basis-100\">\r\n                <!---->\r\n              <\/div>\r\n            <\/div>\r\n          <\/div>\r\n        <\/div>\r\n      <\/div>\r\n    <\/div>\r\n  <\/div>\r\n  <div data-colibri-component=\"section\" data-colibri-id=\"2-c18\" id=\"features\" class=\"h-section h-section-global-spacing d-flex align-items-lg-center align-items-md-center align-items-center style-579 style-local-2-c18 position-relative\">\r\n    <!---->\r\n    <!---->\r\n    <div class=\"h-section-grid-container h-section-boxed-container\">\r\n      <div data-colibri-id=\"2-c44\" class=\"h-row-container gutters-row-lg-2 gutters-row-md-2 gutters-row-0 gutters-row-v-lg-2 gutters-row-v-md-2 gutters-row-v-2 style-589 style-local-2-c44 position-relative\">\r\n        <!---->\r\n        <div class=\"h-row justify-content-lg-center justify-content-md-center justify-content-center align-items-lg-stretch align-items-md-stretch align-items-stretch gutters-col-lg-2 gutters-col-md-2 gutters-col-0 gutters-col-v-lg-2 gutters-col-v-md-2 gutters-col-v-2\">\r\n          <!---->\r\n          <div class=\"h-column h-column-container d-flex h-col-lg-auto h-col-md-auto h-col-auto style-590-outer style-local-2-c45-outer\">\r\n            <div data-colibri-id=\"2-c45\" class=\"d-flex h-flex-basis h-column__inner h-px-lg-2 h-px-md-2 h-px-2 v-inner-lg-2 v-inner-md-2 v-inner-2 style-590 style-local-2-c45 position-relative\">\r\n              <!---->\r\n              <!---->\r\n              <div class=\"w-100 h-y-container h-column__content h-column__v-align flex-basis-100 align-self-lg-start align-self-md-start align-self-start\">\r\n                <!---->\r\n                <div data-colibri-id=\"2-c46\" class=\"h-global-transition-all h-heading style-591 style-local-2-c46 position-relative h-element\">\r\n                  <!---->\r\n                  <div class=\"h-heading__outer style-591 style-local-2-c46\">\r\n                    <!---->\r\n                    <!---->\r\n                    <h2 class=\"\">Compromisso com Qualidade e Variedade<\/h2>\r\n                  <\/div>\r\n                <\/div>\r\n                <div data-colibri-id=\"2-c47\" class=\"h-lead h-text h-text-component style-592 style-local-2-c47 position-relative h-element\">\r\n                  <!---->\r\n                  <!---->\r\n                  <div class=\"\">\r\n                    <p>A Wallax Construtora se diferencia pelo seu <strong>atendimento personalizado<\/strong>, pela <strong>ampla oferta de materiais de constru\u00e7\u00e3o<\/strong> no varejo e por <strong>entregar solu\u00e7\u00f5es completas<\/strong>, desde a execu\u00e7\u00e3o at\u00e9\r\n                      o fornecimento de insumos essenciais para a obra.<\/p>\r\n                    <p>Seja na constru\u00e7\u00e3o ou no fornecimento de materiais, a Wallax est\u00e1 pronta para ser a parceira ideal em qualquer etapa do seu projeto.<\/p>\r\n                  <\/div>\r\n                <\/div>\r\n              <\/div>\r\n            <\/div>\r\n          <\/div>\r\n        <\/div>\r\n      <\/div>\r\n      <div data-colibri-id=\"2-c19\" class=\"h-row-container gutters-row-lg-2 gutters-row-md-2 gutters-row-2 gutters-row-v-lg-2 gutters-row-v-md-2 gutters-row-v-2 style-580 style-local-2-c19 position-relative\">\r\n        <!---->\r\n        <div class=\"h-row justify-content-lg-center justify-content-md-center justify-content-center align-items-lg-stretch align-items-md-stretch align-items-stretch gutters-col-lg-2 gutters-col-md-2 gutters-col-2 gutters-col-v-lg-2 gutters-col-v-md-2 gutters-col-v-2\">\r\n          <!---->\r\n          <div class=\"h-column h-column-container d-flex h-col-lg-4 h-col-md-6 h-col-12 style-581-outer style-local-2-c20-outer\">\r\n            <div data-colibri-id=\"2-c20\" class=\"d-flex h-flex-basis h-column__inner h-px-lg-0 h-px-md-0 h-px-0 v-inner-lg-0 v-inner-md-0 v-inner-0 style-581 style-local-2-c20 position-relative\">\r\n              <!---->\r\n              <!---->\r\n              <div class=\"w-100 h-y-container h-column__content h-column__v-align flex-basis-100 align-self-lg-start align-self-md-start align-self-start\">\r\n                <!---->\r\n                <div data-colibri-id=\"2-c21\" class=\"d-block style-582 style-local-2-c21 position-relative h-element\">\r\n                  <!---->\r\n                  <div class=\"h-image__frame-container-outer\">\r\n                    <div class=\"h-image__frame-container\">\r\n                      <!---->\r\n                      <!---->\r\n                      <img fetchpriority=\"high\" decoding=\"async\" width=\"416\" height=\"416\" src=\"http:\/\/wallaxconstrutora.com.br\/wp-content\/uploads\/2025\/05\/cropped-acabamento-capa.png\" class=\"wp-image-443 style-582-image style-local-2-c21-image\" alt=\"\" srcset=\"https:\/\/wallaxconstrutora.com.br\/wp-content\/uploads\/2025\/05\/cropped-acabamento-capa.png 416w, https:\/\/wallaxconstrutora.com.br\/wp-content\/uploads\/2025\/05\/cropped-acabamento-capa-300x300.png 300w, https:\/\/wallaxconstrutora.com.br\/wp-content\/uploads\/2025\/05\/cropped-acabamento-capa-150x150.png 150w\" sizes=\"(max-width: 416px) 100vw, 416px\" \/>\r\n                      <div class=\"h-image__frame h-hide-lg h-hide-md h-hide-sm style-582-frameImage style-local-2-c21-frameImage\"><\/div>\r\n                    <\/div>\r\n                  <\/div>\r\n                <\/div>\r\n                <div data-colibri-id=\"2-c22\" class=\"h-row-container gutters-row-lg-0 gutters-row-md-0 gutters-row-2 gutters-row-v-lg-0 gutters-row-v-md-0 gutters-row-v-2 style-583 style-local-2-c22 position-relative\">\r\n                  <!---->\r\n                  <div class=\"h-row justify-content-lg-center justify-content-md-center justify-content-center align-items-lg-stretch align-items-md-stretch align-items-stretch gutters-col-lg-0 gutters-col-md-0 gutters-col-2 gutters-col-v-lg-0 gutters-col-v-md-0 gutters-col-v-2\">\r\n                    <!---->\r\n                    <div class=\"h-column h-column-container d-flex h-col-lg-auto h-col-md-auto h-col-auto style-584-outer style-local-2-c23-outer\">\r\n                      <div data-colibri-id=\"2-c23\" class=\"d-flex h-flex-basis h-column__inner h-px-lg-2 h-px-md-3 h-px-2 v-inner-lg-2 v-inner-md-3 v-inner-2 style-584 style-local-2-c23 position-relative\">\r\n                        <!---->\r\n                        <!---->\r\n                        <div class=\"w-100 h-y-container h-column__content h-column__v-align flex-basis-100 align-self-lg-start align-self-md-start align-self-start\">\r\n                          <!---->\r\n                          <div data-colibri-id=\"2-c24\" class=\"h-global-transition-all h-heading style-585 style-local-2-c24 position-relative h-element\">\r\n                            <!---->\r\n                            <div class=\"h-heading__outer style-585 style-local-2-c24\">\r\n                              <!---->\r\n                              <!---->\r\n                              <h4 class=\"\">Acabamentos<\/h4>\r\n                            <\/div>\r\n                          <\/div>\r\n                          <div data-colibri-id=\"2-c25\" class=\"h-text h-text-component style-586 style-local-2-c25 position-relative h-element\">\r\n                            <!---->\r\n                            <!---->\r\n                            <div class=\"\">\r\n                              <p>Desde a aplica\u00e7\u00e3o de revestimentos, pintura, instala\u00e7\u00e3o de lou\u00e7as e metais, at\u00e9 a coloca\u00e7\u00e3o de m\u00f3veis e eletrodom\u00e9sticos, garantindo que a estrutura bruta se transforme num ambiente habit\u00e1vel e agrad\u00e1vel.<\/p>\r\n                            <\/div>\r\n                          <\/div>\r\n                        <\/div>\r\n                      <\/div>\r\n                    <\/div>\r\n                  <\/div>\r\n                <\/div>\r\n              <\/div>\r\n            <\/div>\r\n          <\/div>\r\n          <div class=\"h-column h-column-container d-flex h-col-lg-4 h-col-md-6 h-col-12 style-581-outer style-local-2-c28-outer\">\r\n            <div data-colibri-id=\"2-c28\" class=\"d-flex h-flex-basis h-column__inner h-px-lg-0 h-px-md-0 h-px-0 v-inner-lg-0 v-inner-md-0 v-inner-0 style-581 style-local-2-c28 position-relative\">\r\n              <!---->\r\n              <!---->\r\n              <div class=\"w-100 h-y-container h-column__content h-column__v-align flex-basis-100 align-self-lg-start align-self-md-start align-self-start\">\r\n                <!---->\r\n                <div data-colibri-id=\"2-c29\" class=\"d-block style-582 style-local-2-c29 position-relative h-element\">\r\n                  <!---->\r\n                  <div class=\"h-image__frame-container-outer\">\r\n                    <div class=\"h-image__frame-container\">\r\n                      <!---->\r\n                      <!---->\r\n                      <img decoding=\"async\" width=\"720\" height=\"720\" src=\"http:\/\/wallaxconstrutora.com.br\/wp-content\/uploads\/2025\/05\/cropped-Qualidade-dos-materiais-interfere-diretamente-no-resultado-da-obra.jpg\" class=\"wp-image-446 style-582-image style-local-2-c29-image\" alt=\"\" srcset=\"https:\/\/wallaxconstrutora.com.br\/wp-content\/uploads\/2025\/05\/cropped-Qualidade-dos-materiais-interfere-diretamente-no-resultado-da-obra.jpg 720w, https:\/\/wallaxconstrutora.com.br\/wp-content\/uploads\/2025\/05\/cropped-Qualidade-dos-materiais-interfere-diretamente-no-resultado-da-obra-300x300.jpg 300w, https:\/\/wallaxconstrutora.com.br\/wp-content\/uploads\/2025\/05\/cropped-Qualidade-dos-materiais-interfere-diretamente-no-resultado-da-obra-150x150.jpg 150w\" sizes=\"(max-width: 720px) 100vw, 720px\" \/>\r\n                      <div class=\"h-image__frame h-hide-lg h-hide-md h-hide-sm style-582-frameImage style-local-2-c29-frameImage\"><\/div>\r\n                    <\/div>\r\n                  <\/div>\r\n                <\/div>\r\n                <div data-colibri-id=\"2-c30\" class=\"h-row-container gutters-row-lg-0 gutters-row-md-0 gutters-row-2 gutters-row-v-lg-0 gutters-row-v-md-0 gutters-row-v-2 style-583 style-local-2-c30 position-relative\">\r\n                  <!---->\r\n                  <div class=\"h-row justify-content-lg-center justify-content-md-center justify-content-center align-items-lg-stretch align-items-md-stretch align-items-stretch gutters-col-lg-0 gutters-col-md-0 gutters-col-2 gutters-col-v-lg-0 gutters-col-v-md-0 gutters-col-v-2\">\r\n                    <!---->\r\n                    <div class=\"h-column h-column-container d-flex h-col-lg-auto h-col-md-auto h-col-auto style-584-outer style-local-2-c31-outer\">\r\n                      <div data-colibri-id=\"2-c31\" class=\"d-flex h-flex-basis h-column__inner h-px-lg-2 h-px-md-3 h-px-2 v-inner-lg-2 v-inner-md-3 v-inner-2 style-584 style-local-2-c31 position-relative\">\r\n                        <!---->\r\n                        <!---->\r\n                        <div class=\"w-100 h-y-container h-column__content h-column__v-align flex-basis-100 align-self-lg-start align-self-md-start align-self-start\">\r\n                          <!---->\r\n                          <div data-colibri-id=\"2-c32\" class=\"h-global-transition-all h-heading style-585 style-local-2-c32 position-relative h-element\">\r\n                            <!---->\r\n                            <div class=\"h-heading__outer style-585 style-local-2-c32\">\r\n                              <!---->\r\n                              <!---->\r\n                              <h4 class=\"\">Materiais de obra<\/h4>\r\n                            <\/div>\r\n                          <\/div>\r\n                          <div data-colibri-id=\"2-c33\" class=\"h-text h-text-component style-586 style-local-2-c33 position-relative h-element\">\r\n                            <!---->\r\n                            <!---->\r\n                            <div class=\"\">\r\n                              <p>Trabalhamos tamb\u00e9m com varios tipos de materiais para sua obra, desde materiais el\u00e9tricos at\u00e9 ferramentas, areais, cal, tijolo, tudo da melhor qualidade para voc\u00ea nosso cliente<\/p>\r\n                            <\/div>\r\n                          <\/div>\r\n                        <\/div>\r\n                      <\/div>\r\n                    <\/div>\r\n                  <\/div>\r\n                <\/div>\r\n              <\/div>\r\n            <\/div>\r\n          <\/div>\r\n        <\/div>\r\n      <\/div>\r\n    <\/div>\r\n  <\/div>\r\n<\/div>\t\t\t\t\t\t\t\t<\/div>\n\t\t\t\t<\/div>\n\t\t\t\t\t<\/div>\n\t\t\t\t<\/div>\n\t\t<div class=\"elementor-element elementor-element-e228e0f e-flex e-con-boxed e-con e-parent\" data-id=\"e228e0f\" data-element_type=\"container\">\n\t\t\t\t\t<div class=\"e-con-inner\">\n\t\t\t\t<div class=\"elementor-element elementor-element-3495408 elementor-widget elementor-widget-heading\" data-id=\"3495408\" data-element_type=\"widget\" data-widget_type=\"heading.default\">\n\t\t\t\t<div class=\"elementor-widget-container\">\n\t\t\t\t\t<h2 class=\"elementor-heading-title elementor-size-default\">Alguns de nossos trabalhos<\/h2>\t\t\t\t<\/div>\n\t\t\t\t<\/div>\n\t\t\t\t\t<\/div>\n\t\t\t\t<\/div>\n\t\t<div class=\"elementor-element elementor-element-0695961 e-grid e-con-boxed e-con e-parent\" data-id=\"0695961\" data-element_type=\"container\">\n\t\t\t\t\t<div class=\"e-con-inner\">\n\t\t\t\t<div class=\"elementor-element elementor-element-bd26d81 elementor-widget elementor-widget-video\" data-id=\"bd26d81\" data-element_type=\"widget\" data-settings=\"{&quot;youtube_url&quot;:&quot;https:\\\/\\\/youtu.be\\\/eydG71E0iPM&quot;,&quot;video_type&quot;:&quot;youtube&quot;,&quot;controls&quot;:&quot;yes&quot;}\" data-widget_type=\"video.default\">\n\t\t\t\t<div class=\"elementor-widget-container\">\n\t\t\t\t\t\t\t<div class=\"elementor-wrapper elementor-open-inline\">\n\t\t\t<div class=\"elementor-video\"><\/div>\t\t<\/div>\n\t\t\t\t\t\t<\/div>\n\t\t\t\t<\/div>\n\t\t\t\t<div class=\"elementor-element elementor-element-6daa4dd elementor-widget elementor-widget-video\" data-id=\"6daa4dd\" data-element_type=\"widget\" data-settings=\"{&quot;youtube_url&quot;:&quot;https:\\\/\\\/youtu.be\\\/QVQ0nkBJEe4&quot;,&quot;video_type&quot;:&quot;youtube&quot;,&quot;controls&quot;:&quot;yes&quot;}\" data-widget_type=\"video.default\">\n\t\t\t\t<div class=\"elementor-widget-container\">\n\t\t\t\t\t\t\t<div class=\"elementor-wrapper elementor-open-inline\">\n\t\t\t<div class=\"elementor-video\"><\/div>\t\t<\/div>\n\t\t\t\t\t\t<\/div>\n\t\t\t\t<\/div>\n\t\t\t\t<div class=\"elementor-element elementor-element-8164ece elementor-widget elementor-widget-video\" data-id=\"8164ece\" data-element_type=\"widget\" data-settings=\"{&quot;youtube_url&quot;:&quot;https:\\\/\\\/youtu.be\\\/UkzhtMMKntc&quot;,&quot;video_type&quot;:&quot;youtube&quot;,&quot;controls&quot;:&quot;yes&quot;}\" data-widget_type=\"video.default\">\n\t\t\t\t<div class=\"elementor-widget-container\">\n\t\t\t\t\t\t\t<div class=\"elementor-wrapper elementor-open-inline\">\n\t\t\t<div class=\"elementor-video\"><\/div>\t\t<\/div>\n\t\t\t\t\t\t<\/div>\n\t\t\t\t<\/div>\n\t\t\t\t<div class=\"elementor-element elementor-element-841bced elementor-widget elementor-widget-video\" data-id=\"841bced\" data-element_type=\"widget\" data-settings=\"{&quot;youtube_url&quot;:&quot;https:\\\/\\\/youtu.be\\\/d28QRMFaMf4&quot;,&quot;video_type&quot;:&quot;youtube&quot;,&quot;controls&quot;:&quot;yes&quot;}\" data-widget_type=\"video.default\">\n\t\t\t\t<div class=\"elementor-widget-container\">\n\t\t\t\t\t\t\t<div class=\"elementor-wrapper elementor-open-inline\">\n\t\t\t<div class=\"elementor-video\"><\/div>\t\t<\/div>\n\t\t\t\t\t\t<\/div>\n\t\t\t\t<\/div>\n\t\t\t\t\t<\/div>\n\t\t\t\t<\/div>\n\t\t<div class=\"elementor-element elementor-element-b629b16 e-grid e-con-boxed e-con e-parent\" data-id=\"b629b16\" data-element_type=\"container\">\n\t\t\t\t\t<div class=\"e-con-inner\">\n\t\t\t\t<div class=\"elementor-element elementor-element-26baf82 elementor-widget elementor-widget-video\" data-id=\"26baf82\" data-element_type=\"widget\" data-settings=\"{&quot;youtube_url&quot;:&quot;https:\\\/\\\/youtube.com\\\/shorts\\\/XlkaY98LdV0?feature=share&quot;,&quot;video_type&quot;:&quot;youtube&quot;,&quot;controls&quot;:&quot;yes&quot;}\" data-widget_type=\"video.default\">\n\t\t\t\t<div class=\"elementor-widget-container\">\n\t\t\t\t\t\t\t<div class=\"elementor-wrapper elementor-open-inline\">\n\t\t\t<div class=\"elementor-video\"><\/div>\t\t<\/div>\n\t\t\t\t\t\t<\/div>\n\t\t\t\t<\/div>\n\t\t\t\t<div class=\"elementor-element elementor-element-d766928 elementor-widget elementor-widget-video\" data-id=\"d766928\" data-element_type=\"widget\" data-settings=\"{&quot;youtube_url&quot;:&quot;https:\\\/\\\/youtube.com\\\/shorts\\\/xkt1sH0gIbs?feature=share&quot;,&quot;video_type&quot;:&quot;youtube&quot;,&quot;controls&quot;:&quot;yes&quot;}\" data-widget_type=\"video.default\">\n\t\t\t\t<div class=\"elementor-widget-container\">\n\t\t\t\t\t\t\t<div class=\"elementor-wrapper elementor-open-inline\">\n\t\t\t<div class=\"elementor-video\"><\/div>\t\t<\/div>\n\t\t\t\t\t\t<\/div>\n\t\t\t\t<\/div>\n\t\t\t\t\t<\/div>\n\t\t\t\t<\/div>\n\t\t\t\t<\/div>\n\t\t","protected":false},"excerpt":{"rendered":"<p>Nossa empresa A Wallax Construtora LTDA atua no setor da constru\u00e7\u00e3o civil, com foco principal em obras de alvenaria. Com uma estrutura vers\u00e1til e comprometida com a qualidade, a empresa oferece solu\u00e7\u00f5es completas para diferentes tipos de projetos, desde pequenas reformas at\u00e9 grandes empreendimentos. Al\u00e9m das obras de alvenaria, a Wallax tamb\u00e9m realiza outras obras [&hellip;]<\/p>\n","protected":false},"author":1,"featured_media":0,"parent":0,"menu_order":0,"comment_status":"closed","ping_status":"closed","template":"page-templates\/full-width-page.php","meta":{"footnotes":""},"class_list":["post-2","page","type-page","status-publish","hentry"],"_links":{"self":[{"href":"https:\/\/wallaxconstrutora.com.br\/index.php?rest_route=\/wp\/v2\/pages\/2","targetHints":{"allow":["GET"]}}],"collection":[{"href":"https:\/\/wallaxconstrutora.com.br\/index.php?rest_route=\/wp\/v2\/pages"}],"about":[{"href":"https:\/\/wallaxconstrutora.com.br\/index.php?rest_route=\/wp\/v2\/types\/page"}],"author":[{"embeddable":true,"href":"https:\/\/wallaxconstrutora.com.br\/index.php?rest_route=\/wp\/v2\/users\/1"}],"replies":[{"embeddable":true,"href":"https:\/\/wallaxconstrutora.com.br\/index.php?rest_route=%2Fwp%2Fv2%2Fcomments&post=2"}],"version-history":[{"count":6,"href":"https:\/\/wallaxconstrutora.com.br\/index.php?rest_route=\/wp\/v2\/pages\/2\/revisions"}],"predecessor-version":[{"id":608,"href":"https:\/\/wallaxconstrutora.com.br\/index.php?rest_route=\/wp\/v2\/pages\/2\/revisions\/608"}],"wp:attachment":[{"href":"https:\/\/wallaxconstrutora.com.br\/index.php?rest_route=%2Fwp%2Fv2%2Fmedia&parent=2"}],"curies":[{"name":"wp","href":"https:\/\/api.w.org\/{rel}","templated":true}]}}